{"id":87,"date":"2023-08-01T22:09:24","date_gmt":"2023-08-02T01:09:24","guid":{"rendered":"https:\/\/curriculi.com.br\/principal\/?page_id=87"},"modified":"2023-08-17T20:27:05","modified_gmt":"2023-08-17T23:27:05","slug":"sou-uma-empresa","status":"publish","type":"page","link":"https:\/\/curriculi.com.br\/principal\/sou-uma-empresa\/","title":{"rendered":"Sou uma empresa"},"content":{"rendered":"\t\t<div data-elementor-type=\"wp-page\" data-elementor-id=\"87\" class=\"elementor elementor-87\">\n\t\t\t\t\t\t<section class=\"elementor-section elementor-top-section elementor-element elementor-element-3e2d8cb elementor-section-boxed elementor-section-height-default elementor-section-height-default\" data-id=\"3e2d8cb\" data-element_type=\"section\" data-e-type=\"section\">\n\t\t\t\t\t\t<div class=\"elementor-container elementor-column-gap-default\">\n\t\t\t\t\t<div class=\"elementor-column elementor-col-100 elementor-top-column elementor-element elementor-element-c784a9a\" data-id=\"c784a9a\" data-element_type=\"column\" data-e-type=\"column\">\n\t\t\t<div class=\"elementor-widget-wrap elementor-element-populated\">\n\t\t\t\t\t\t<div class=\"elementor-element elementor-element-a7dccfa elementor-widget elementor-widget-spacer\" data-id=\"a7dccfa\" data-element_type=\"widget\" data-e-type=\"widget\" data-widget_type=\"spacer.default\">\n\t\t\t\t<div class=\"elementor-widget-container\">\n\t\t\t\t\t\t\t<div class=\"elementor-spacer\">\n\t\t\t<div class=\"elementor-spacer-inner\"><\/div>\n\t\t<\/div>\n\t\t\t\t\t\t<\/div>\n\t\t\t\t<\/div>\n\t\t\t\t\t<\/div>\n\t\t<\/div>\n\t\t\t\t\t<\/div>\n\t\t<\/section>\n\t\t\t\t<section class=\"elementor-section elementor-top-section elementor-element elementor-element-e547522 elementor-section-boxed elementor-section-height-default elementor-section-height-default\" data-id=\"e547522\" data-element_type=\"section\" data-e-type=\"section\">\n\t\t\t\t\t\t<div class=\"elementor-container elementor-column-gap-wider\">\n\t\t\t\t\t<div class=\"elementor-column elementor-col-50 elementor-top-column elementor-element elementor-element-df44c4d\" data-id=\"df44c4d\" data-element_type=\"column\" data-e-type=\"column\">\n\t\t\t<div class=\"elementor-widget-wrap elementor-element-populated\">\n\t\t\t\t\t\t<div class=\"elementor-element elementor-element-3d508fd elementor-widget__width-initial elementor-widget elementor-widget-heading\" data-id=\"3d508fd\" data-element_type=\"widget\" data-e-type=\"widget\" data-widget_type=\"heading.default\">\n\t\t\t\t<div class=\"elementor-widget-container\">\n\t\t\t\t\t<h2 class=\"elementor-heading-title elementor-size-default\">Agora sua empresa tem como selecionar profissionais de forma muito mais \u00e1gil, reduzindo em 40% o tempo at\u00e9 a contrata\u00e7\u00e3o.<br><br>\nTodos os profissionais com perfil comportamental avaliado previamente, possibilitando que voc\u00ea escolha exatamente aqueles compat\u00edveis com a cultura da sua empresa.<br><br>\nForme equipes com as compet\u00eancias que sua organiza\u00e7\u00e3o precisa.<br><br>\nE mais, avalia\u00e7\u00f5es feitas periodicamente, mantendo as informa\u00e7\u00f5es dos candidatos sempre atualizadas.<\/h2>\t\t\t\t<\/div>\n\t\t\t\t<\/div>\n\t\t\t\t<div class=\"elementor-element elementor-element-cb103fe elementor-widget elementor-widget-spacer\" data-id=\"cb103fe\" data-element_type=\"widget\" data-e-type=\"widget\" data-widget_type=\"spacer.default\">\n\t\t\t\t<div class=\"elementor-widget-container\">\n\t\t\t\t\t\t\t<div class=\"elementor-spacer\">\n\t\t\t<div class=\"elementor-spacer-inner\"><\/div>\n\t\t<\/div>\n\t\t\t\t\t\t<\/div>\n\t\t\t\t<\/div>\n\t\t\t\t<div class=\"elementor-element elementor-element-36ab22f elementor-widget elementor-widget-heading\" data-id=\"36ab22f\" data-element_type=\"widget\" data-e-type=\"widget\" data-widget_type=\"heading.default\">\n\t\t\t\t<div class=\"elementor-widget-container\">\n\t\t\t\t\t<h2 class=\"elementor-heading-title elementor-size-default\">Deseja saber mais ?<\/h2>\t\t\t\t<\/div>\n\t\t\t\t<\/div>\n\t\t\t\t<div class=\"elementor-element elementor-element-d47f313 elementor-widget elementor-widget-spacer\" data-id=\"d47f313\" data-element_type=\"widget\" data-e-type=\"widget\" data-widget_type=\"spacer.default\">\n\t\t\t\t<div class=\"elementor-widget-container\">\n\t\t\t\t\t\t\t<div class=\"elementor-spacer\">\n\t\t\t<div class=\"elementor-spacer-inner\"><\/div>\n\t\t<\/div>\n\t\t\t\t\t\t<\/div>\n\t\t\t\t<\/div>\n\t\t\t\t<div class=\"elementor-element elementor-element-4fbd9bb elementor-widget elementor-widget-heading\" data-id=\"4fbd9bb\" data-element_type=\"widget\" data-e-type=\"widget\" data-widget_type=\"heading.default\">\n\t\t\t\t<div class=\"elementor-widget-container\">\n\t\t\t\t\t<h2 class=\"elementor-heading-title elementor-size-default\">Preencha o formul\u00e1rio e entraremos em contato.<\/h2>\t\t\t\t<\/div>\n\t\t\t\t<\/div>\n\t\t\t\t\t<\/div>\n\t\t<\/div>\n\t\t\t\t<div class=\"elementor-column elementor-col-50 elementor-top-column elementor-element elementor-element-44cc51f\" data-id=\"44cc51f\" data-element_type=\"column\" data-e-type=\"column\" data-settings=\"{&quot;background_background&quot;:&quot;gradient&quot;}\">\n\t\t\t<div class=\"elementor-widget-wrap elementor-element-populated\">\n\t\t\t\t\t\t<div class=\"elementor-element elementor-element-222cc7b elementor-widget elementor-widget-htmega-contactform-addons\" data-id=\"222cc7b\" data-element_type=\"widget\" data-e-type=\"widget\" data-widget_type=\"htmega-contactform-addons.default\">\n\t\t\t\t<div class=\"elementor-widget-container\">\n\t\t\t\t\t            <div class=\"htmega-form-wrapper sid222cc7b htmega-form-style-6\" >\n                \n<div class=\"wpcf7 no-js\" id=\"wpcf7-f6-o1\" lang=\"pt-BR\" dir=\"ltr\" data-wpcf7-id=\"6\">\n<div class=\"screen-reader-response\"><p role=\"status\" aria-live=\"polite\" aria-atomic=\"true\"><\/p> <ul><\/ul><\/div>\n<form action=\"\/principal\/wp-json\/wp\/v2\/pages\/87#wpcf7-f6-o1\" method=\"post\" class=\"wpcf7-form init\" aria-label=\"Formul\u00e1rios de contato\" novalidate=\"novalidate\" data-status=\"init\">\n<fieldset class=\"hidden-fields-container\"><input type=\"hidden\" name=\"_wpcf7\" value=\"6\" \/><input type=\"hidden\" name=\"_wpcf7_version\" value=\"6.1.5\" \/><input type=\"hidden\" name=\"_wpcf7_locale\" value=\"pt_BR\" \/><input type=\"hidden\" name=\"_wpcf7_unit_tag\" value=\"wpcf7-f6-o1\" \/><input type=\"hidden\" name=\"_wpcf7_container_post\" value=\"0\" \/><input type=\"hidden\" name=\"_wpcf7_posted_data_hash\" value=\"\" \/><input type=\"hidden\" name=\"_wpcf7_recaptcha_response\" value=\"\" \/>\n<\/fieldset>\n<p><span class=\"wpcf7-form-control-wrap\" data-name=\"your-name\"><input size=\"40\" maxlength=\"400\" class=\"wpcf7-form-control wpcf7-text wpcf7-validates-as-required\" aria-required=\"true\" aria-invalid=\"false\" placeholder=\"Seu nome\" value=\"\" type=\"text\" name=\"your-name\" \/><\/span><br \/>\n<span class=\"wpcf7-form-control-wrap\" data-name=\"your-company\"><input size=\"40\" maxlength=\"400\" class=\"wpcf7-form-control wpcf7-text wpcf7-validates-as-required\" aria-required=\"true\" aria-invalid=\"false\" placeholder=\"Nome da empresa\" value=\"\" type=\"text\" name=\"your-company\" \/><\/span><br \/>\n<span class=\"wpcf7-form-control-wrap\" data-name=\"your-email\"><input size=\"40\" maxlength=\"400\" class=\"wpcf7-form-control wpcf7-email wpcf7-validates-as-required wpcf7-text wpcf7-validates-as-email\" aria-required=\"true\" aria-invalid=\"false\" placeholder=\"Seu e-mail corporativo\" value=\"\" type=\"email\" name=\"your-email\" \/><\/span><br \/>\n<span class=\"wpcf7-form-control-wrap\" data-name=\"your-zap\"><input size=\"40\" maxlength=\"400\" class=\"wpcf7-form-control wpcf7-tel wpcf7-validates-as-required wpcf7-text wpcf7-validates-as-tel\" aria-required=\"true\" aria-invalid=\"false\" placeholder=\"Seu celular\/whatsapp com DDD\" value=\"\" type=\"tel\" name=\"your-zap\" \/><\/span>\n<\/p>\n<p><span style=\"color: #ffffff;font-size:18px;\">Qual melhor forma de contato?<br \/>\n<span class=\"wpcf7-form-control-wrap\" data-name=\"escolha-contato\"><span class=\"wpcf7-form-control wpcf7-radio\"><span class=\"wpcf7-list-item first\"><input type=\"radio\" name=\"escolha-contato\" value=\"whatsapp\" checked=\"checked\" \/><span class=\"wpcf7-list-item-label\">whatsapp<\/span><\/span><span class=\"wpcf7-list-item\"><input type=\"radio\" name=\"escolha-contato\" value=\"email\" \/><span class=\"wpcf7-list-item-label\">email<\/span><\/span><span class=\"wpcf7-list-item last\"><input type=\"radio\" name=\"escolha-contato\" value=\"liga\u00e7\u00e3o telef\u00f4nica\" \/><span class=\"wpcf7-list-item-label\">liga\u00e7\u00e3o telef\u00f4nica<\/span><\/span><\/span><\/span><\/span>\n<\/p>\n<p><span class=\"wpcf7-form-control-wrap\" data-name=\"your-message\"><textarea cols=\"40\" rows=\"10\" maxlength=\"2000\" class=\"wpcf7-form-control wpcf7-textarea\" aria-invalid=\"false\" placeholder=\"Conte-nos um pouco do seu desafio atual\" name=\"your-message\"><\/textarea><\/span>\n<\/p>\n<p><input class=\"wpcf7-form-control wpcf7-submit has-spinner\" type=\"submit\" value=\"Enviar\" \/>\n<\/p><div class=\"wpcf7-response-output\" aria-hidden=\"true\"><\/div>\n<\/form>\n<\/div>\n            <\/div>\n\n\n        \t\t\t\t<\/div>\n\t\t\t\t<\/div>\n\t\t\t\t\t<\/div>\n\t\t<\/div>\n\t\t\t\t\t<\/div>\n\t\t<\/section>\n\t\t\t\t<\/div>\n\t\t","protected":false},"excerpt":{"rendered":"<p>Agora sua empresa tem como selecionar profissionais de forma muito mais \u00e1gil, reduzindo em 40% o tempo at\u00e9 a contrata\u00e7\u00e3o. Todos os profissionais com perfil comportamental avaliado previamente, possibilitando que voc\u00ea escolha exatamente aqueles compat\u00edveis com a cultura da sua empresa. Forme equipes com as compet\u00eancias que sua organiza\u00e7\u00e3o precisa. E mais, avalia\u00e7\u00f5es feitas periodicamente, [&hellip;]<\/p>\n","protected":false},"author":2,"featured_media":41,"parent":0,"menu_order":0,"comment_status":"closed","ping_status":"closed","template":"","meta":{"footnotes":""},"class_list":["post-87","page","type-page","status-publish","has-post-thumbnail","hentry","entry","has-media"],"yoast_head":"<!-- This site is optimized with the Yoast SEO plugin v27.3 - https:\/\/yoast.com\/product\/yoast-seo-wordpress\/ -->\n<title>Sou uma empresa - Curriculi<\/title>\n<meta name=\"description\" content=\"Agora sua empresa tem como selecionar profissionais de forma muito mais \u00e1gil, reduzindo em 40% o tempo at\u00e9 a contrata\u00e7\u00e3o.\" \/>\n<meta name=\"robots\" content=\"index, follow, max-snippet:-1, max-image-preview:large, max-video-preview:-1\" \/>\n<link rel=\"canonical\" href=\"https:\/\/curriculi.com.br\/principal\/sou-uma-empresa\/\" \/>\n<meta property=\"og:locale\" content=\"pt_BR\" \/>\n<meta property=\"og:type\" content=\"article\" \/>\n<meta property=\"og:title\" content=\"Sou uma empresa - Curriculi\" \/>\n<meta property=\"og:description\" content=\"Agora sua empresa tem como selecionar profissionais de forma muito mais \u00e1gil, reduzindo em 40% o tempo at\u00e9 a contrata\u00e7\u00e3o.\" \/>\n<meta property=\"og:url\" content=\"https:\/\/curriculi.com.br\/principal\/sou-uma-empresa\/\" \/>\n<meta property=\"og:site_name\" content=\"Curriculi\" \/>\n<meta property=\"article:modified_time\" content=\"2023-08-17T23:27:05+00:00\" \/>\n<meta property=\"og:image\" content=\"https:\/\/curriculi.com.br\/principal\/wp-content\/uploads\/2023\/08\/sou_uma_empresa2.jpg\" \/>\n\t<meta property=\"og:image:width\" content=\"1024\" \/>\n\t<meta property=\"og:image:height\" content=\"1024\" \/>\n\t<meta property=\"og:image:type\" content=\"image\/jpeg\" \/>\n<meta name=\"twitter:card\" content=\"summary_large_image\" \/>\n<meta name=\"twitter:label1\" content=\"Est. tempo de leitura\" \/>\n\t<meta name=\"twitter:data1\" content=\"1 minuto\" \/>\n<script type=\"application\/ld+json\" class=\"yoast-schema-graph\">{\"@context\":\"https:\\\/\\\/schema.org\",\"@graph\":[{\"@type\":\"WebPage\",\"@id\":\"https:\\\/\\\/curriculi.com.br\\\/principal\\\/sou-uma-empresa\\\/\",\"url\":\"https:\\\/\\\/curriculi.com.br\\\/principal\\\/sou-uma-empresa\\\/\",\"name\":\"Sou uma empresa - Curriculi\",\"isPartOf\":{\"@id\":\"https:\\\/\\\/curriculi.com.br\\\/principal\\\/#website\"},\"primaryImageOfPage\":{\"@id\":\"https:\\\/\\\/curriculi.com.br\\\/principal\\\/sou-uma-empresa\\\/#primaryimage\"},\"image\":{\"@id\":\"https:\\\/\\\/curriculi.com.br\\\/principal\\\/sou-uma-empresa\\\/#primaryimage\"},\"thumbnailUrl\":\"https:\\\/\\\/curriculi.com.br\\\/principal\\\/wp-content\\\/uploads\\\/2023\\\/08\\\/sou_uma_empresa2.jpg\",\"datePublished\":\"2023-08-02T01:09:24+00:00\",\"dateModified\":\"2023-08-17T23:27:05+00:00\",\"description\":\"Agora sua empresa tem como selecionar profissionais de forma muito mais \u00e1gil, reduzindo em 40% o tempo at\u00e9 a contrata\u00e7\u00e3o.\",\"breadcrumb\":{\"@id\":\"https:\\\/\\\/curriculi.com.br\\\/principal\\\/sou-uma-empresa\\\/#breadcrumb\"},\"inLanguage\":\"pt-BR\",\"potentialAction\":[{\"@type\":\"ReadAction\",\"target\":[\"https:\\\/\\\/curriculi.com.br\\\/principal\\\/sou-uma-empresa\\\/\"]}]},{\"@type\":\"ImageObject\",\"inLanguage\":\"pt-BR\",\"@id\":\"https:\\\/\\\/curriculi.com.br\\\/principal\\\/sou-uma-empresa\\\/#primaryimage\",\"url\":\"https:\\\/\\\/curriculi.com.br\\\/principal\\\/wp-content\\\/uploads\\\/2023\\\/08\\\/sou_uma_empresa2.jpg\",\"contentUrl\":\"https:\\\/\\\/curriculi.com.br\\\/principal\\\/wp-content\\\/uploads\\\/2023\\\/08\\\/sou_uma_empresa2.jpg\",\"width\":1024,\"height\":1024,\"caption\":\"sou uma empresa\"},{\"@type\":\"BreadcrumbList\",\"@id\":\"https:\\\/\\\/curriculi.com.br\\\/principal\\\/sou-uma-empresa\\\/#breadcrumb\",\"itemListElement\":[{\"@type\":\"ListItem\",\"position\":1,\"name\":\"In\u00edcio\",\"item\":\"https:\\\/\\\/curriculi.com.br\\\/principal\\\/\"},{\"@type\":\"ListItem\",\"position\":2,\"name\":\"Sou uma empresa\"}]},{\"@type\":\"WebSite\",\"@id\":\"https:\\\/\\\/curriculi.com.br\\\/principal\\\/#website\",\"url\":\"https:\\\/\\\/curriculi.com.br\\\/principal\\\/\",\"name\":\"Curriculi\",\"description\":\"Seu portal ao mercado de trabalho\",\"publisher\":{\"@id\":\"https:\\\/\\\/curriculi.com.br\\\/principal\\\/#organization\"},\"potentialAction\":[{\"@type\":\"SearchAction\",\"target\":{\"@type\":\"EntryPoint\",\"urlTemplate\":\"https:\\\/\\\/curriculi.com.br\\\/principal\\\/?s={search_term_string}\"},\"query-input\":{\"@type\":\"PropertyValueSpecification\",\"valueRequired\":true,\"valueName\":\"search_term_string\"}}],\"inLanguage\":\"pt-BR\"},{\"@type\":\"Organization\",\"@id\":\"https:\\\/\\\/curriculi.com.br\\\/principal\\\/#organization\",\"name\":\"Curriculi\",\"url\":\"https:\\\/\\\/curriculi.com.br\\\/principal\\\/\",\"logo\":{\"@type\":\"ImageObject\",\"inLanguage\":\"pt-BR\",\"@id\":\"https:\\\/\\\/curriculi.com.br\\\/principal\\\/#\\\/schema\\\/logo\\\/image\\\/\",\"url\":\"https:\\\/\\\/curriculi.com.br\\\/principal\\\/wp-content\\\/uploads\\\/2023\\\/08\\\/novo_logo_curriculi_tr65.png\",\"contentUrl\":\"https:\\\/\\\/curriculi.com.br\\\/principal\\\/wp-content\\\/uploads\\\/2023\\\/08\\\/novo_logo_curriculi_tr65.png\",\"width\":216,\"height\":65,\"caption\":\"Curriculi\"},\"image\":{\"@id\":\"https:\\\/\\\/curriculi.com.br\\\/principal\\\/#\\\/schema\\\/logo\\\/image\\\/\"}}]}<\/script>\n<!-- \/ Yoast SEO plugin. -->","yoast_head_json":{"title":"Sou uma empresa - Curriculi","description":"Agora sua empresa tem como selecionar profissionais de forma muito mais \u00e1gil, reduzindo em 40% o tempo at\u00e9 a contrata\u00e7\u00e3o.","robots":{"index":"index","follow":"follow","max-snippet":"max-snippet:-1","max-image-preview":"max-image-preview:large","max-video-preview":"max-video-preview:-1"},"canonical":"https:\/\/curriculi.com.br\/principal\/sou-uma-empresa\/","og_locale":"pt_BR","og_type":"article","og_title":"Sou uma empresa - Curriculi","og_description":"Agora sua empresa tem como selecionar profissionais de forma muito mais \u00e1gil, reduzindo em 40% o tempo at\u00e9 a contrata\u00e7\u00e3o.","og_url":"https:\/\/curriculi.com.br\/principal\/sou-uma-empresa\/","og_site_name":"Curriculi","article_modified_time":"2023-08-17T23:27:05+00:00","og_image":[{"width":1024,"height":1024,"url":"https:\/\/curriculi.com.br\/principal\/wp-content\/uploads\/2023\/08\/sou_uma_empresa2.jpg","type":"image\/jpeg"}],"twitter_card":"summary_large_image","twitter_misc":{"Est. tempo de leitura":"1 minuto"},"schema":{"@context":"https:\/\/schema.org","@graph":[{"@type":"WebPage","@id":"https:\/\/curriculi.com.br\/principal\/sou-uma-empresa\/","url":"https:\/\/curriculi.com.br\/principal\/sou-uma-empresa\/","name":"Sou uma empresa - Curriculi","isPartOf":{"@id":"https:\/\/curriculi.com.br\/principal\/#website"},"primaryImageOfPage":{"@id":"https:\/\/curriculi.com.br\/principal\/sou-uma-empresa\/#primaryimage"},"image":{"@id":"https:\/\/curriculi.com.br\/principal\/sou-uma-empresa\/#primaryimage"},"thumbnailUrl":"https:\/\/curriculi.com.br\/principal\/wp-content\/uploads\/2023\/08\/sou_uma_empresa2.jpg","datePublished":"2023-08-02T01:09:24+00:00","dateModified":"2023-08-17T23:27:05+00:00","description":"Agora sua empresa tem como selecionar profissionais de forma muito mais \u00e1gil, reduzindo em 40% o tempo at\u00e9 a contrata\u00e7\u00e3o.","breadcrumb":{"@id":"https:\/\/curriculi.com.br\/principal\/sou-uma-empresa\/#breadcrumb"},"inLanguage":"pt-BR","potentialAction":[{"@type":"ReadAction","target":["https:\/\/curriculi.com.br\/principal\/sou-uma-empresa\/"]}]},{"@type":"ImageObject","inLanguage":"pt-BR","@id":"https:\/\/curriculi.com.br\/principal\/sou-uma-empresa\/#primaryimage","url":"https:\/\/curriculi.com.br\/principal\/wp-content\/uploads\/2023\/08\/sou_uma_empresa2.jpg","contentUrl":"https:\/\/curriculi.com.br\/principal\/wp-content\/uploads\/2023\/08\/sou_uma_empresa2.jpg","width":1024,"height":1024,"caption":"sou uma empresa"},{"@type":"BreadcrumbList","@id":"https:\/\/curriculi.com.br\/principal\/sou-uma-empresa\/#breadcrumb","itemListElement":[{"@type":"ListItem","position":1,"name":"In\u00edcio","item":"https:\/\/curriculi.com.br\/principal\/"},{"@type":"ListItem","position":2,"name":"Sou uma empresa"}]},{"@type":"WebSite","@id":"https:\/\/curriculi.com.br\/principal\/#website","url":"https:\/\/curriculi.com.br\/principal\/","name":"Curriculi","description":"Seu portal ao mercado de trabalho","publisher":{"@id":"https:\/\/curriculi.com.br\/principal\/#organization"},"potentialAction":[{"@type":"SearchAction","target":{"@type":"EntryPoint","urlTemplate":"https:\/\/curriculi.com.br\/principal\/?s={search_term_string}"},"query-input":{"@type":"PropertyValueSpecification","valueRequired":true,"valueName":"search_term_string"}}],"inLanguage":"pt-BR"},{"@type":"Organization","@id":"https:\/\/curriculi.com.br\/principal\/#organization","name":"Curriculi","url":"https:\/\/curriculi.com.br\/principal\/","logo":{"@type":"ImageObject","inLanguage":"pt-BR","@id":"https:\/\/curriculi.com.br\/principal\/#\/schema\/logo\/image\/","url":"https:\/\/curriculi.com.br\/principal\/wp-content\/uploads\/2023\/08\/novo_logo_curriculi_tr65.png","contentUrl":"https:\/\/curriculi.com.br\/principal\/wp-content\/uploads\/2023\/08\/novo_logo_curriculi_tr65.png","width":216,"height":65,"caption":"Curriculi"},"image":{"@id":"https:\/\/curriculi.com.br\/principal\/#\/schema\/logo\/image\/"}}]}},"_links":{"self":[{"href":"https:\/\/curriculi.com.br\/principal\/wp-json\/wp\/v2\/pages\/87","targetHints":{"allow":["GET"]}}],"collection":[{"href":"https:\/\/curriculi.com.br\/principal\/wp-json\/wp\/v2\/pages"}],"about":[{"href":"https:\/\/curriculi.com.br\/principal\/wp-json\/wp\/v2\/types\/page"}],"author":[{"embeddable":true,"href":"https:\/\/curriculi.com.br\/principal\/wp-json\/wp\/v2\/users\/2"}],"replies":[{"embeddable":true,"href":"https:\/\/curriculi.com.br\/principal\/wp-json\/wp\/v2\/comments?post=87"}],"version-history":[{"count":57,"href":"https:\/\/curriculi.com.br\/principal\/wp-json\/wp\/v2\/pages\/87\/revisions"}],"predecessor-version":[{"id":322,"href":"https:\/\/curriculi.com.br\/principal\/wp-json\/wp\/v2\/pages\/87\/revisions\/322"}],"wp:featuredmedia":[{"embeddable":true,"href":"https:\/\/curriculi.com.br\/principal\/wp-json\/wp\/v2\/media\/41"}],"wp:attachment":[{"href":"https:\/\/curriculi.com.br\/principal\/wp-json\/wp\/v2\/media?parent=87"}],"curies":[{"name":"wp","href":"https:\/\/api.w.org\/{rel}","templated":true}]}}