{"id":82,"date":"2023-08-01T22:08:04","date_gmt":"2023-08-02T01:08:04","guid":{"rendered":"https:\/\/curriculi.com.br\/principal\/?page_id=82"},"modified":"2023-09-16T12:03:20","modified_gmt":"2023-09-16T15:03:20","slug":"sou-um-profissional","status":"publish","type":"page","link":"https:\/\/curriculi.com.br\/principal\/sou-um-profissional\/","title":{"rendered":"Sou um profissional"},"content":{"rendered":"\t\t<div data-elementor-type=\"wp-page\" data-elementor-id=\"82\" class=\"elementor elementor-82\">\n\t\t\t\t\t\t<section class=\"elementor-section elementor-top-section elementor-element elementor-element-ae40854 elementor-section-boxed elementor-section-height-default elementor-section-height-default\" data-id=\"ae40854\" data-element_type=\"section\" data-e-type=\"section\">\n\t\t\t\t\t\t<div class=\"elementor-container elementor-column-gap-default\">\n\t\t\t\t\t<div class=\"elementor-column elementor-col-100 elementor-top-column elementor-element elementor-element-185dcda\" data-id=\"185dcda\" data-element_type=\"column\" data-e-type=\"column\">\n\t\t\t<div class=\"elementor-widget-wrap elementor-element-populated\">\n\t\t\t\t\t\t<div class=\"elementor-element elementor-element-973b5e0 elementor-widget elementor-widget-spacer\" data-id=\"973b5e0\" data-element_type=\"widget\" data-e-type=\"widget\" data-widget_type=\"spacer.default\">\n\t\t\t\t<div class=\"elementor-widget-container\">\n\t\t\t\t\t\t\t<div class=\"elementor-spacer\">\n\t\t\t<div class=\"elementor-spacer-inner\"><\/div>\n\t\t<\/div>\n\t\t\t\t\t\t<\/div>\n\t\t\t\t<\/div>\n\t\t\t\t\t<\/div>\n\t\t<\/div>\n\t\t\t\t\t<\/div>\n\t\t<\/section>\n\t\t\t\t<section class=\"elementor-section elementor-top-section elementor-element elementor-element-8a7fdde elementor-section-boxed elementor-section-height-default elementor-section-height-default\" data-id=\"8a7fdde\" data-element_type=\"section\" data-e-type=\"section\">\n\t\t\t\t\t\t<div class=\"elementor-container elementor-column-gap-default\">\n\t\t\t\t\t<div class=\"elementor-column elementor-col-50 elementor-top-column elementor-element elementor-element-2dd2283\" data-id=\"2dd2283\" data-element_type=\"column\" data-e-type=\"column\">\n\t\t\t<div class=\"elementor-widget-wrap elementor-element-populated\">\n\t\t\t\t\t\t<div class=\"elementor-element elementor-element-529f5a5 elementor-widget elementor-widget-heading\" data-id=\"529f5a5\" data-element_type=\"widget\" data-e-type=\"widget\" data-widget_type=\"heading.default\">\n\t\t\t\t<div class=\"elementor-widget-container\">\n\t\t\t\t\t<h1 class=\"elementor-heading-title elementor-size-default\">Pelo menos uma dessas situa\u00e7\u00f5es voc\u00ea j\u00e1 deve ter passado<\/h1>\t\t\t\t<\/div>\n\t\t\t\t<\/div>\n\t\t\t\t<div class=\"elementor-element elementor-element-91906bb elementor-widget elementor-widget-spacer\" data-id=\"91906bb\" data-element_type=\"widget\" data-e-type=\"widget\" data-widget_type=\"spacer.default\">\n\t\t\t\t<div class=\"elementor-widget-container\">\n\t\t\t\t\t\t\t<div class=\"elementor-spacer\">\n\t\t\t<div class=\"elementor-spacer-inner\"><\/div>\n\t\t<\/div>\n\t\t\t\t\t\t<\/div>\n\t\t\t\t<\/div>\n\t\t\t\t<div class=\"elementor-element elementor-element-905c1f9 elementor-icon-list--layout-traditional elementor-list-item-link-full_width elementor-widget elementor-widget-icon-list\" data-id=\"905c1f9\" data-element_type=\"widget\" data-e-type=\"widget\" data-widget_type=\"icon-list.default\">\n\t\t\t\t<div class=\"elementor-widget-container\">\n\t\t\t\t\t\t\t<ul class=\"elementor-icon-list-items\">\n\t\t\t\t\t\t\t<li class=\"elementor-icon-list-item\">\n\t\t\t\t\t\t\t\t\t\t\t<span class=\"elementor-icon-list-icon\">\n\t\t\t\t\t\t\t<i aria-hidden=\"true\" class=\"far fa-sad-tear\"><\/i>\t\t\t\t\t\t<\/span>\n\t\t\t\t\t\t\t\t\t\t<span class=\"elementor-icon-list-text\">Voc\u00ea envia curr\u00edculos mas n\u00e3o sabe se algu\u00e9m l\u00ea<\/span>\n\t\t\t\t\t\t\t\t\t<\/li>\n\t\t\t\t\t\t\t\t<li class=\"elementor-icon-list-item\">\n\t\t\t\t\t\t\t\t\t\t\t<span class=\"elementor-icon-list-icon\">\n\t\t\t\t\t\t\t<i aria-hidden=\"true\" class=\"far fa-sad-tear\"><\/i>\t\t\t\t\t\t<\/span>\n\t\t\t\t\t\t\t\t\t\t<span class=\"elementor-icon-list-text\">Voc\u00ea se cadastra em sites de curr\u00edculos mas n\u00e3o tem como mostrar suas compet\u00eancias<\/span>\n\t\t\t\t\t\t\t\t\t<\/li>\n\t\t\t\t\t\t\t\t<li class=\"elementor-icon-list-item\">\n\t\t\t\t\t\t\t\t\t\t\t<span class=\"elementor-icon-list-icon\">\n\t\t\t\t\t\t\t<i aria-hidden=\"true\" class=\"far fa-sad-tear\"><\/i>\t\t\t\t\t\t<\/span>\n\t\t\t\t\t\t\t\t\t\t<span class=\"elementor-icon-list-text\">Voc\u00ea n\u00e3o sabe onde e quando h\u00e1 oportunidades<\/span>\n\t\t\t\t\t\t\t\t\t<\/li>\n\t\t\t\t\t\t\t\t<li class=\"elementor-icon-list-item\">\n\t\t\t\t\t\t\t\t\t\t\t<span class=\"elementor-icon-list-icon\">\n\t\t\t\t\t\t\t<i aria-hidden=\"true\" class=\"far fa-sad-tear\"><\/i>\t\t\t\t\t\t<\/span>\n\t\t\t\t\t\t\t\t\t\t<span class=\"elementor-icon-list-text\">Voc\u00ea sabe que tem as compet\u00eancias para uma oportunidade mas nem te chamam para o processo seletivo<\/span>\n\t\t\t\t\t\t\t\t\t<\/li>\n\t\t\t\t\t\t\t\t<li class=\"elementor-icon-list-item\">\n\t\t\t\t\t\t\t\t\t\t\t<span class=\"elementor-icon-list-icon\">\n\t\t\t\t\t\t\t<i aria-hidden=\"true\" class=\"far fa-sad-tear\"><\/i>\t\t\t\t\t\t<\/span>\n\t\t\t\t\t\t\t\t\t\t<span class=\"elementor-icon-list-text\">Suas informa\u00e7\u00f5es mudaram mas as empresas n\u00e3o sabem disso.<\/span>\n\t\t\t\t\t\t\t\t\t<\/li>\n\t\t\t\t\t\t<\/ul>\n\t\t\t\t\t\t<\/div>\n\t\t\t\t<\/div>\n\t\t\t\t<div class=\"elementor-element elementor-element-7982732 elementor-widget elementor-widget-spacer\" data-id=\"7982732\" data-element_type=\"widget\" data-e-type=\"widget\" data-widget_type=\"spacer.default\">\n\t\t\t\t<div class=\"elementor-widget-container\">\n\t\t\t\t\t\t\t<div class=\"elementor-spacer\">\n\t\t\t<div class=\"elementor-spacer-inner\"><\/div>\n\t\t<\/div>\n\t\t\t\t\t\t<\/div>\n\t\t\t\t<\/div>\n\t\t\t\t<div class=\"elementor-element elementor-element-a04bbbd elementor-align-center elementor-widget elementor-widget-button\" data-id=\"a04bbbd\" data-element_type=\"widget\" data-e-type=\"widget\" data-settings=\"{&quot;_animation&quot;:&quot;none&quot;}\" data-widget_type=\"button.default\">\n\t\t\t\t<div class=\"elementor-widget-container\">\n\t\t\t\t\t\t\t\t\t<div class=\"elementor-button-wrapper\">\n\t\t\t\t\t<a class=\"elementor-button elementor-button-link elementor-size-lg elementor-animation-grow\" href=\"https:\/\/bancodetalentos.curriculi.com.br\/\">\n\t\t\t\t\t\t<span class=\"elementor-button-content-wrapper\">\n\t\t\t\t\t\t\t\t\t<span class=\"elementor-button-text\">CADASTRE-SE COMO PROFISSIONAL<\/span>\n\t\t\t\t\t<\/span>\n\t\t\t\t\t<\/a>\n\t\t\t\t<\/div>\n\t\t\t\t\t\t\t\t<\/div>\n\t\t\t\t<\/div>\n\t\t\t\t<div class=\"elementor-element elementor-element-ffcb9d0 elementor-widget elementor-widget-spacer\" data-id=\"ffcb9d0\" data-element_type=\"widget\" data-e-type=\"widget\" data-widget_type=\"spacer.default\">\n\t\t\t\t<div class=\"elementor-widget-container\">\n\t\t\t\t\t\t\t<div class=\"elementor-spacer\">\n\t\t\t<div class=\"elementor-spacer-inner\"><\/div>\n\t\t<\/div>\n\t\t\t\t\t\t<\/div>\n\t\t\t\t<\/div>\n\t\t\t\t<div class=\"elementor-element elementor-element-599aad2 elementor-widget elementor-widget-heading\" data-id=\"599aad2\" data-element_type=\"widget\" data-e-type=\"widget\" data-widget_type=\"heading.default\">\n\t\t\t\t<div class=\"elementor-widget-container\">\n\t\t\t\t\t<h1 class=\"elementor-heading-title elementor-size-default\">Ent\u00e3o cadastre seu curr\u00edculo conosco e tenha muitas vantagens sobre os demais candidatos<\/h1>\t\t\t\t<\/div>\n\t\t\t\t<\/div>\n\t\t\t\t<div class=\"elementor-element elementor-element-e9ed5df elementor-widget elementor-widget-spacer\" data-id=\"e9ed5df\" data-element_type=\"widget\" data-e-type=\"widget\" data-widget_type=\"spacer.default\">\n\t\t\t\t<div class=\"elementor-widget-container\">\n\t\t\t\t\t\t\t<div class=\"elementor-spacer\">\n\t\t\t<div class=\"elementor-spacer-inner\"><\/div>\n\t\t<\/div>\n\t\t\t\t\t\t<\/div>\n\t\t\t\t<\/div>\n\t\t\t\t<div class=\"elementor-element elementor-element-9084aec elementor-icon-list--layout-traditional elementor-list-item-link-full_width elementor-widget elementor-widget-icon-list\" data-id=\"9084aec\" data-element_type=\"widget\" data-e-type=\"widget\" data-widget_type=\"icon-list.default\">\n\t\t\t\t<div class=\"elementor-widget-container\">\n\t\t\t\t\t\t\t<ul class=\"elementor-icon-list-items\">\n\t\t\t\t\t\t\t<li class=\"elementor-icon-list-item\">\n\t\t\t\t\t\t\t\t\t\t\t<span class=\"elementor-icon-list-icon\">\n\t\t\t\t\t\t\t<i aria-hidden=\"true\" class=\"far fa-grin-alt\"><\/i>\t\t\t\t\t\t<\/span>\n\t\t\t\t\t\t\t\t\t\t<span class=\"elementor-icon-list-text\">Nunca mais fique em d\u00favida de como escrever um curr\u00edculo.<\/span>\n\t\t\t\t\t\t\t\t\t<\/li>\n\t\t\t\t\t\t\t\t<li class=\"elementor-icon-list-item\">\n\t\t\t\t\t\t\t\t\t\t\t<span class=\"elementor-icon-list-icon\">\n\t\t\t\t\t\t\t<i aria-hidden=\"true\" class=\"far fa-grin-alt\"><\/i>\t\t\t\t\t\t<\/span>\n\t\t\t\t\t\t\t\t\t\t<span class=\"elementor-icon-list-text\">Seu curr\u00edculo ter\u00e1 as informa\u00e7\u00f5es que as empresas realmente l\u00eaem.<\/span>\n\t\t\t\t\t\t\t\t\t<\/li>\n\t\t\t\t\t\t\t\t<li class=\"elementor-icon-list-item\">\n\t\t\t\t\t\t\t\t\t\t\t<span class=\"elementor-icon-list-icon\">\n\t\t\t\t\t\t\t<i aria-hidden=\"true\" class=\"far fa-grin-alt\"><\/i>\t\t\t\t\t\t<\/span>\n\t\t\t\t\t\t\t\t\t\t<span class=\"elementor-icon-list-text\">Voc\u00ea ter\u00e1 seu LINK para enviar diretamente \u00e0s empresas.<\/span>\n\t\t\t\t\t\t\t\t\t<\/li>\n\t\t\t\t\t\t\t\t<li class=\"elementor-icon-list-item\">\n\t\t\t\t\t\t\t\t\t\t\t<span class=\"elementor-icon-list-icon\">\n\t\t\t\t\t\t\t<i aria-hidden=\"true\" class=\"far fa-grin-alt\"><\/i>\t\t\t\t\t\t<\/span>\n\t\t\t\t\t\t\t\t\t\t<span class=\"elementor-icon-list-text\">Tamb\u00e9m pode imprimir, salvar em PDF ou Word.<\/span>\n\t\t\t\t\t\t\t\t\t<\/li>\n\t\t\t\t\t\t\t\t<li class=\"elementor-icon-list-item\">\n\t\t\t\t\t\t\t\t\t\t\t<span class=\"elementor-icon-list-icon\">\n\t\t\t\t\t\t\t<i aria-hidden=\"true\" class=\"far fa-grin-alt\"><\/i>\t\t\t\t\t\t<\/span>\n\t\t\t\t\t\t\t\t\t\t<span class=\"elementor-icon-list-text\">Altere suas informa\u00e7\u00f5es e as empresas ter\u00e3o seus dados imediatamente atualizados. Nunca mais tenha curr\u00edculo desatualizado nas m\u00e3os dos contratantes.<\/span>\n\t\t\t\t\t\t\t\t\t<\/li>\n\t\t\t\t\t\t\t\t<li class=\"elementor-icon-list-item\">\n\t\t\t\t\t\t\t\t\t\t\t<span class=\"elementor-icon-list-icon\">\n\t\t\t\t\t\t\t<i aria-hidden=\"true\" class=\"far fa-grin-alt\"><\/i>\t\t\t\t\t\t<\/span>\n\t\t\t\t\t\t\t\t\t\t<span class=\"elementor-icon-list-text\">Voc\u00ea receber\u00e1 avalia\u00e7\u00f5es nossas e as empresas j\u00e1 ter\u00e3o informa\u00e7\u00f5es completas, encurtando seu caminho nos processos seletivos.<\/span>\n\t\t\t\t\t\t\t\t\t<\/li>\n\t\t\t\t\t\t\t\t<li class=\"elementor-icon-list-item\">\n\t\t\t\t\t\t\t\t\t\t\t<span class=\"elementor-icon-list-icon\">\n\t\t\t\t\t\t\t<i aria-hidden=\"true\" class=\"far fa-grin-alt\"><\/i>\t\t\t\t\t\t<\/span>\n\t\t\t\t\t\t\t\t\t\t<span class=\"elementor-icon-list-text\">Voc\u00ea saber\u00e1 quantas empresas est\u00e3o vendo seu curr\u00edculo.<\/span>\n\t\t\t\t\t\t\t\t\t<\/li>\n\t\t\t\t\t\t<\/ul>\n\t\t\t\t\t\t<\/div>\n\t\t\t\t<\/div>\n\t\t\t\t\t<\/div>\n\t\t<\/div>\n\t\t\t\t<div class=\"elementor-column elementor-col-50 elementor-top-column elementor-element elementor-element-1f8a2ba\" data-id=\"1f8a2ba\" data-element_type=\"column\" data-e-type=\"column\">\n\t\t\t<div class=\"elementor-widget-wrap elementor-element-populated\">\n\t\t\t\t\t\t<div class=\"elementor-element elementor-element-747b455 elementor-widget elementor-widget-image\" data-id=\"747b455\" data-element_type=\"widget\" data-e-type=\"widget\" data-widget_type=\"image.default\">\n\t\t\t\t<div class=\"elementor-widget-container\">\n\t\t\t\t\t\t\t\t\t\t\t\t\t\t\t\t<a href=\"https:\/\/bancodetalentos.curriculi.com.br\/\">\n\t\t\t\t\t\t\t<img fetchpriority=\"high\" decoding=\"async\" width=\"623\" height=\"793\" src=\"https:\/\/curriculi.com.br\/principal\/wp-content\/uploads\/2023\/08\/sistema_curriculi.png\" class=\"elementor-animation-grow attachment-large size-large wp-image-114\" alt=\"curriculo\" srcset=\"https:\/\/curriculi.com.br\/principal\/wp-content\/uploads\/2023\/08\/sistema_curriculi.png 623w, https:\/\/curriculi.com.br\/principal\/wp-content\/uploads\/2023\/08\/sistema_curriculi-236x300.png 236w\" sizes=\"(max-width: 623px) 100vw, 623px\" \/>\t\t\t\t\t\t\t\t<\/a>\n\t\t\t\t\t\t\t\t\t\t\t\t\t\t\t<\/div>\n\t\t\t\t<\/div>\n\t\t\t\t\t<\/div>\n\t\t<\/div>\n\t\t\t\t\t<\/div>\n\t\t<\/section>\n\t\t\t\t<\/div>\n\t\t","protected":false},"excerpt":{"rendered":"<p>Pelo menos uma dessas situa\u00e7\u00f5es voc\u00ea j\u00e1 deve ter passado Voc\u00ea envia curr\u00edculos mas n\u00e3o sabe se algu\u00e9m l\u00ea Voc\u00ea se cadastra em sites de curr\u00edculos mas n\u00e3o tem como mostrar suas compet\u00eancias Voc\u00ea n\u00e3o sabe onde e quando h\u00e1 oportunidades Voc\u00ea sabe que tem as compet\u00eancias para uma oportunidade mas nem te chamam para [&hellip;]<\/p>\n","protected":false},"author":2,"featured_media":18,"parent":0,"menu_order":0,"comment_status":"closed","ping_status":"closed","template":"","meta":{"footnotes":""},"class_list":["post-82","page","type-page","status-publish","has-post-thumbnail","hentry","entry","has-media"],"yoast_head":"<!-- This site is optimized with the Yoast SEO plugin v27.5 - https:\/\/yoast.com\/product\/yoast-seo-wordpress\/ -->\n<title>Sou um profissional - Curriculi<\/title>\n<meta name=\"description\" content=\"Nunca mais fique em d\u00favida de como escrever um curr\u00edculo.Seu curr\u00edculo ter\u00e1 as informa\u00e7\u00f5es que as empresas realmente l\u00eaem.\" \/>\n<meta name=\"robots\" content=\"index, follow, max-snippet:-1, max-image-preview:large, max-video-preview:-1\" \/>\n<link rel=\"canonical\" href=\"https:\/\/curriculi.com.br\/principal\/sou-um-profissional\/\" \/>\n<meta property=\"og:locale\" content=\"pt_BR\" \/>\n<meta property=\"og:type\" content=\"article\" \/>\n<meta property=\"og:title\" content=\"Sou um profissional - Curriculi\" \/>\n<meta property=\"og:description\" content=\"Nunca mais fique em d\u00favida de como escrever um curr\u00edculo.Seu curr\u00edculo ter\u00e1 as informa\u00e7\u00f5es que as empresas realmente l\u00eaem.\" \/>\n<meta property=\"og:url\" content=\"https:\/\/curriculi.com.br\/principal\/sou-um-profissional\/\" \/>\n<meta property=\"og:site_name\" content=\"Curriculi\" \/>\n<meta property=\"article:modified_time\" content=\"2023-09-16T15:03:20+00:00\" \/>\n<meta property=\"og:image\" content=\"https:\/\/curriculi.com.br\/principal\/wp-content\/uploads\/2023\/08\/sou_um_profissional.jpg\" \/>\n\t<meta property=\"og:image:width\" content=\"1024\" \/>\n\t<meta property=\"og:image:height\" content=\"1024\" \/>\n\t<meta property=\"og:image:type\" content=\"image\/jpeg\" \/>\n<meta name=\"twitter:card\" content=\"summary_large_image\" \/>\n<meta name=\"twitter:label1\" content=\"Est. tempo de leitura\" \/>\n\t<meta name=\"twitter:data1\" content=\"2 minutos\" \/>\n<script type=\"application\/ld+json\" class=\"yoast-schema-graph\">{\"@context\":\"https:\\\/\\\/schema.org\",\"@graph\":[{\"@type\":\"WebPage\",\"@id\":\"https:\\\/\\\/curriculi.com.br\\\/principal\\\/sou-um-profissional\\\/\",\"url\":\"https:\\\/\\\/curriculi.com.br\\\/principal\\\/sou-um-profissional\\\/\",\"name\":\"Sou um profissional - Curriculi\",\"isPartOf\":{\"@id\":\"https:\\\/\\\/curriculi.com.br\\\/principal\\\/#website\"},\"primaryImageOfPage\":{\"@id\":\"https:\\\/\\\/curriculi.com.br\\\/principal\\\/sou-um-profissional\\\/#primaryimage\"},\"image\":{\"@id\":\"https:\\\/\\\/curriculi.com.br\\\/principal\\\/sou-um-profissional\\\/#primaryimage\"},\"thumbnailUrl\":\"https:\\\/\\\/curriculi.com.br\\\/principal\\\/wp-content\\\/uploads\\\/2023\\\/08\\\/sou_um_profissional.jpg\",\"datePublished\":\"2023-08-02T01:08:04+00:00\",\"dateModified\":\"2023-09-16T15:03:20+00:00\",\"description\":\"Nunca mais fique em d\u00favida de como escrever um curr\u00edculo.Seu curr\u00edculo ter\u00e1 as informa\u00e7\u00f5es que as empresas realmente l\u00eaem.\",\"breadcrumb\":{\"@id\":\"https:\\\/\\\/curriculi.com.br\\\/principal\\\/sou-um-profissional\\\/#breadcrumb\"},\"inLanguage\":\"pt-BR\",\"potentialAction\":[{\"@type\":\"ReadAction\",\"target\":[\"https:\\\/\\\/curriculi.com.br\\\/principal\\\/sou-um-profissional\\\/\"]}]},{\"@type\":\"ImageObject\",\"inLanguage\":\"pt-BR\",\"@id\":\"https:\\\/\\\/curriculi.com.br\\\/principal\\\/sou-um-profissional\\\/#primaryimage\",\"url\":\"https:\\\/\\\/curriculi.com.br\\\/principal\\\/wp-content\\\/uploads\\\/2023\\\/08\\\/sou_um_profissional.jpg\",\"contentUrl\":\"https:\\\/\\\/curriculi.com.br\\\/principal\\\/wp-content\\\/uploads\\\/2023\\\/08\\\/sou_um_profissional.jpg\",\"width\":1024,\"height\":1024,\"caption\":\"Sou um profissional\"},{\"@type\":\"BreadcrumbList\",\"@id\":\"https:\\\/\\\/curriculi.com.br\\\/principal\\\/sou-um-profissional\\\/#breadcrumb\",\"itemListElement\":[{\"@type\":\"ListItem\",\"position\":1,\"name\":\"In\u00edcio\",\"item\":\"https:\\\/\\\/curriculi.com.br\\\/principal\\\/\"},{\"@type\":\"ListItem\",\"position\":2,\"name\":\"Sou um profissional\"}]},{\"@type\":\"WebSite\",\"@id\":\"https:\\\/\\\/curriculi.com.br\\\/principal\\\/#website\",\"url\":\"https:\\\/\\\/curriculi.com.br\\\/principal\\\/\",\"name\":\"Curriculi\",\"description\":\"Seu portal ao mercado de trabalho\",\"publisher\":{\"@id\":\"https:\\\/\\\/curriculi.com.br\\\/principal\\\/#organization\"},\"potentialAction\":[{\"@type\":\"SearchAction\",\"target\":{\"@type\":\"EntryPoint\",\"urlTemplate\":\"https:\\\/\\\/curriculi.com.br\\\/principal\\\/?s={search_term_string}\"},\"query-input\":{\"@type\":\"PropertyValueSpecification\",\"valueRequired\":true,\"valueName\":\"search_term_string\"}}],\"inLanguage\":\"pt-BR\"},{\"@type\":\"Organization\",\"@id\":\"https:\\\/\\\/curriculi.com.br\\\/principal\\\/#organization\",\"name\":\"Curriculi\",\"url\":\"https:\\\/\\\/curriculi.com.br\\\/principal\\\/\",\"logo\":{\"@type\":\"ImageObject\",\"inLanguage\":\"pt-BR\",\"@id\":\"https:\\\/\\\/curriculi.com.br\\\/principal\\\/#\\\/schema\\\/logo\\\/image\\\/\",\"url\":\"https:\\\/\\\/curriculi.com.br\\\/principal\\\/wp-content\\\/uploads\\\/2023\\\/08\\\/novo_logo_curriculi_tr65.png\",\"contentUrl\":\"https:\\\/\\\/curriculi.com.br\\\/principal\\\/wp-content\\\/uploads\\\/2023\\\/08\\\/novo_logo_curriculi_tr65.png\",\"width\":216,\"height\":65,\"caption\":\"Curriculi\"},\"image\":{\"@id\":\"https:\\\/\\\/curriculi.com.br\\\/principal\\\/#\\\/schema\\\/logo\\\/image\\\/\"}}]}<\/script>\n<!-- \/ Yoast SEO plugin. -->","yoast_head_json":{"title":"Sou um profissional - Curriculi","description":"Nunca mais fique em d\u00favida de como escrever um curr\u00edculo.Seu curr\u00edculo ter\u00e1 as informa\u00e7\u00f5es que as empresas realmente l\u00eaem.","robots":{"index":"index","follow":"follow","max-snippet":"max-snippet:-1","max-image-preview":"max-image-preview:large","max-video-preview":"max-video-preview:-1"},"canonical":"https:\/\/curriculi.com.br\/principal\/sou-um-profissional\/","og_locale":"pt_BR","og_type":"article","og_title":"Sou um profissional - Curriculi","og_description":"Nunca mais fique em d\u00favida de como escrever um curr\u00edculo.Seu curr\u00edculo ter\u00e1 as informa\u00e7\u00f5es que as empresas realmente l\u00eaem.","og_url":"https:\/\/curriculi.com.br\/principal\/sou-um-profissional\/","og_site_name":"Curriculi","article_modified_time":"2023-09-16T15:03:20+00:00","og_image":[{"width":1024,"height":1024,"url":"https:\/\/curriculi.com.br\/principal\/wp-content\/uploads\/2023\/08\/sou_um_profissional.jpg","type":"image\/jpeg"}],"twitter_card":"summary_large_image","twitter_misc":{"Est. tempo de leitura":"2 minutos"},"schema":{"@context":"https:\/\/schema.org","@graph":[{"@type":"WebPage","@id":"https:\/\/curriculi.com.br\/principal\/sou-um-profissional\/","url":"https:\/\/curriculi.com.br\/principal\/sou-um-profissional\/","name":"Sou um profissional - Curriculi","isPartOf":{"@id":"https:\/\/curriculi.com.br\/principal\/#website"},"primaryImageOfPage":{"@id":"https:\/\/curriculi.com.br\/principal\/sou-um-profissional\/#primaryimage"},"image":{"@id":"https:\/\/curriculi.com.br\/principal\/sou-um-profissional\/#primaryimage"},"thumbnailUrl":"https:\/\/curriculi.com.br\/principal\/wp-content\/uploads\/2023\/08\/sou_um_profissional.jpg","datePublished":"2023-08-02T01:08:04+00:00","dateModified":"2023-09-16T15:03:20+00:00","description":"Nunca mais fique em d\u00favida de como escrever um curr\u00edculo.Seu curr\u00edculo ter\u00e1 as informa\u00e7\u00f5es que as empresas realmente l\u00eaem.","breadcrumb":{"@id":"https:\/\/curriculi.com.br\/principal\/sou-um-profissional\/#breadcrumb"},"inLanguage":"pt-BR","potentialAction":[{"@type":"ReadAction","target":["https:\/\/curriculi.com.br\/principal\/sou-um-profissional\/"]}]},{"@type":"ImageObject","inLanguage":"pt-BR","@id":"https:\/\/curriculi.com.br\/principal\/sou-um-profissional\/#primaryimage","url":"https:\/\/curriculi.com.br\/principal\/wp-content\/uploads\/2023\/08\/sou_um_profissional.jpg","contentUrl":"https:\/\/curriculi.com.br\/principal\/wp-content\/uploads\/2023\/08\/sou_um_profissional.jpg","width":1024,"height":1024,"caption":"Sou um profissional"},{"@type":"BreadcrumbList","@id":"https:\/\/curriculi.com.br\/principal\/sou-um-profissional\/#breadcrumb","itemListElement":[{"@type":"ListItem","position":1,"name":"In\u00edcio","item":"https:\/\/curriculi.com.br\/principal\/"},{"@type":"ListItem","position":2,"name":"Sou um profissional"}]},{"@type":"WebSite","@id":"https:\/\/curriculi.com.br\/principal\/#website","url":"https:\/\/curriculi.com.br\/principal\/","name":"Curriculi","description":"Seu portal ao mercado de trabalho","publisher":{"@id":"https:\/\/curriculi.com.br\/principal\/#organization"},"potentialAction":[{"@type":"SearchAction","target":{"@type":"EntryPoint","urlTemplate":"https:\/\/curriculi.com.br\/principal\/?s={search_term_string}"},"query-input":{"@type":"PropertyValueSpecification","valueRequired":true,"valueName":"search_term_string"}}],"inLanguage":"pt-BR"},{"@type":"Organization","@id":"https:\/\/curriculi.com.br\/principal\/#organization","name":"Curriculi","url":"https:\/\/curriculi.com.br\/principal\/","logo":{"@type":"ImageObject","inLanguage":"pt-BR","@id":"https:\/\/curriculi.com.br\/principal\/#\/schema\/logo\/image\/","url":"https:\/\/curriculi.com.br\/principal\/wp-content\/uploads\/2023\/08\/novo_logo_curriculi_tr65.png","contentUrl":"https:\/\/curriculi.com.br\/principal\/wp-content\/uploads\/2023\/08\/novo_logo_curriculi_tr65.png","width":216,"height":65,"caption":"Curriculi"},"image":{"@id":"https:\/\/curriculi.com.br\/principal\/#\/schema\/logo\/image\/"}}]}},"_links":{"self":[{"href":"https:\/\/curriculi.com.br\/principal\/wp-json\/wp\/v2\/pages\/82","targetHints":{"allow":["GET"]}}],"collection":[{"href":"https:\/\/curriculi.com.br\/principal\/wp-json\/wp\/v2\/pages"}],"about":[{"href":"https:\/\/curriculi.com.br\/principal\/wp-json\/wp\/v2\/types\/page"}],"author":[{"embeddable":true,"href":"https:\/\/curriculi.com.br\/principal\/wp-json\/wp\/v2\/users\/2"}],"replies":[{"embeddable":true,"href":"https:\/\/curriculi.com.br\/principal\/wp-json\/wp\/v2\/comments?post=82"}],"version-history":[{"count":87,"href":"https:\/\/curriculi.com.br\/principal\/wp-json\/wp\/v2\/pages\/82\/revisions"}],"predecessor-version":[{"id":416,"href":"https:\/\/curriculi.com.br\/principal\/wp-json\/wp\/v2\/pages\/82\/revisions\/416"}],"wp:featuredmedia":[{"embeddable":true,"href":"https:\/\/curriculi.com.br\/principal\/wp-json\/wp\/v2\/media\/18"}],"wp:attachment":[{"href":"https:\/\/curriculi.com.br\/principal\/wp-json\/wp\/v2\/media?parent=82"}],"curies":[{"name":"wp","href":"https:\/\/api.w.org\/{rel}","templated":true}]}}