{"id":323,"date":"2023-08-17T20:29:15","date_gmt":"2023-08-17T23:29:15","guid":{"rendered":"https:\/\/curriculi.com.br\/principal\/?page_id=323"},"modified":"2023-08-17T21:17:03","modified_gmt":"2023-08-18T00:17:03","slug":"sou-um-recrutador","status":"publish","type":"page","link":"https:\/\/curriculi.com.br\/principal\/sou-um-recrutador\/","title":{"rendered":"Sou um recrutador"},"content":{"rendered":"\t\t<div data-elementor-type=\"wp-page\" data-elementor-id=\"323\" class=\"elementor elementor-323\">\n\t\t\t\t\t\t<section class=\"elementor-section elementor-top-section elementor-element elementor-element-ae40854 elementor-section-boxed elementor-section-height-default elementor-section-height-default\" data-id=\"ae40854\" data-element_type=\"section\" data-e-type=\"section\">\n\t\t\t\t\t\t<div class=\"elementor-container elementor-column-gap-default\">\n\t\t\t\t\t<div class=\"elementor-column elementor-col-100 elementor-top-column elementor-element elementor-element-185dcda\" data-id=\"185dcda\" data-element_type=\"column\" data-e-type=\"column\">\n\t\t\t<div class=\"elementor-widget-wrap elementor-element-populated\">\n\t\t\t\t\t\t<div class=\"elementor-element elementor-element-973b5e0 elementor-widget elementor-widget-spacer\" data-id=\"973b5e0\" data-element_type=\"widget\" data-e-type=\"widget\" data-widget_type=\"spacer.default\">\n\t\t\t\t<div class=\"elementor-widget-container\">\n\t\t\t\t\t\t\t<div class=\"elementor-spacer\">\n\t\t\t<div class=\"elementor-spacer-inner\"><\/div>\n\t\t<\/div>\n\t\t\t\t\t\t<\/div>\n\t\t\t\t<\/div>\n\t\t\t\t\t<\/div>\n\t\t<\/div>\n\t\t\t\t\t<\/div>\n\t\t<\/section>\n\t\t\t\t<section class=\"elementor-section elementor-top-section elementor-element elementor-element-8a7fdde elementor-section-boxed elementor-section-height-default elementor-section-height-default\" data-id=\"8a7fdde\" data-element_type=\"section\" data-e-type=\"section\">\n\t\t\t\t\t\t<div class=\"elementor-container elementor-column-gap-default\">\n\t\t\t\t\t<div class=\"elementor-column elementor-col-50 elementor-top-column elementor-element elementor-element-2dd2283\" data-id=\"2dd2283\" data-element_type=\"column\" data-e-type=\"column\">\n\t\t\t<div class=\"elementor-widget-wrap elementor-element-populated\">\n\t\t\t\t\t\t<div class=\"elementor-element elementor-element-529f5a5 elementor-widget elementor-widget-heading\" data-id=\"529f5a5\" data-element_type=\"widget\" data-e-type=\"widget\" data-widget_type=\"heading.default\">\n\t\t\t\t<div class=\"elementor-widget-container\">\n\t\t\t\t\t<h1 class=\"elementor-heading-title elementor-size-default\">Torne-se um recrutador parceiro. <br><br>Indique profissionais e ganhe quando ele for selecionado por alguma empresa a partir do nosso <b>Banco de Talentos<\/b>.<\/h1>\t\t\t\t<\/div>\n\t\t\t\t<\/div>\n\t\t\t\t<div class=\"elementor-element elementor-element-91906bb elementor-widget elementor-widget-spacer\" data-id=\"91906bb\" data-element_type=\"widget\" data-e-type=\"widget\" data-widget_type=\"spacer.default\">\n\t\t\t\t<div class=\"elementor-widget-container\">\n\t\t\t\t\t\t\t<div class=\"elementor-spacer\">\n\t\t\t<div class=\"elementor-spacer-inner\"><\/div>\n\t\t<\/div>\n\t\t\t\t\t\t<\/div>\n\t\t\t\t<\/div>\n\t\t\t\t<div class=\"elementor-element elementor-element-a04bbbd elementor-align-center elementor-widget elementor-widget-button\" data-id=\"a04bbbd\" data-element_type=\"widget\" data-e-type=\"widget\" data-settings=\"{&quot;_animation&quot;:&quot;none&quot;}\" data-widget_type=\"button.default\">\n\t\t\t\t<div class=\"elementor-widget-container\">\n\t\t\t\t\t\t\t\t\t<div class=\"elementor-button-wrapper\">\n\t\t\t\t\t<a class=\"elementor-button elementor-button-link elementor-size-lg elementor-animation-grow\" href=\"https:\/\/recrutador.curriculi.com.br\/\">\n\t\t\t\t\t\t<span class=\"elementor-button-content-wrapper\">\n\t\t\t\t\t\t\t\t\t<span class=\"elementor-button-text\">CADASTRE-SE COMO RECRUTADOR<\/span>\n\t\t\t\t\t<\/span>\n\t\t\t\t\t<\/a>\n\t\t\t\t<\/div>\n\t\t\t\t\t\t\t\t<\/div>\n\t\t\t\t<\/div>\n\t\t\t\t<div class=\"elementor-element elementor-element-ffcb9d0 elementor-widget elementor-widget-spacer\" data-id=\"ffcb9d0\" data-element_type=\"widget\" data-e-type=\"widget\" data-widget_type=\"spacer.default\">\n\t\t\t\t<div class=\"elementor-widget-container\">\n\t\t\t\t\t\t\t<div class=\"elementor-spacer\">\n\t\t\t<div class=\"elementor-spacer-inner\"><\/div>\n\t\t<\/div>\n\t\t\t\t\t\t<\/div>\n\t\t\t\t<\/div>\n\t\t\t\t<div class=\"elementor-element elementor-element-e7dd952 elementor-widget elementor-widget-heading\" data-id=\"e7dd952\" data-element_type=\"widget\" data-e-type=\"widget\" data-widget_type=\"heading.default\">\n\t\t\t\t<div class=\"elementor-widget-container\">\n\t\t\t\t\t<h1 class=\"elementor-heading-title elementor-size-default\"><i>E voc\u00ea precisa ter alguma forma\u00e7\u00e3o especial para se cadastrar como recrutador?<br><br>N\u00e3o. Sua colabora\u00e7\u00e3o \u00e9 apenas indicar profissionais a fazer seu cadastro em nosso <b>Banco de Talentos<\/b> e aumentar as chances de empregabilidade de todos.<\/i><\/h1>\t\t\t\t<\/div>\n\t\t\t\t<\/div>\n\t\t\t\t<div class=\"elementor-element elementor-element-0ae51bc elementor-widget elementor-widget-spacer\" data-id=\"0ae51bc\" data-element_type=\"widget\" data-e-type=\"widget\" data-widget_type=\"spacer.default\">\n\t\t\t\t<div class=\"elementor-widget-container\">\n\t\t\t\t\t\t\t<div class=\"elementor-spacer\">\n\t\t\t<div class=\"elementor-spacer-inner\"><\/div>\n\t\t<\/div>\n\t\t\t\t\t\t<\/div>\n\t\t\t\t<\/div>\n\t\t\t\t<div class=\"elementor-element elementor-element-9e03a84 elementor-widget elementor-widget-text-editor\" data-id=\"9e03a84\" data-element_type=\"widget\" data-e-type=\"widget\" data-widget_type=\"text-editor.default\">\n\t\t\t\t<div class=\"elementor-widget-container\">\n\t\t\t\t\t\t\t\t\t<p>Cadastre-se como <b>recrutador<\/b> e tenha seu &#8220;<b>link \u00fanico<\/b>&#8221; para o cadastro de profissionais em nosso <b>Banco de Talentos<\/b>.<\/p>\n<p>Envie seu link ao m\u00e1ximo de profissionais.<\/p>\n<p>Os profissionais que se cadastrarem utilizando <b>o seu link<\/b> estar\u00e3o associados a voc\u00ea e, ao terem sua primeira contrata\u00e7\u00e3o &#8220;por empresas que utilizem nosso <b>Banco de Talentos&#8221;<\/b>, voc\u00ea receber\u00e1 50 reais pela sua colabora\u00e7\u00e3o.<\/p>\n<p>Mas este incentivo s\u00f3 estamos oferecendo para aqueles profissionais indicados e cadastrados at\u00e9 31\/12\/2023.<\/p>\n<p>Ap\u00f3s voc\u00ea fazer seu cadastro, acompanhe quantas de suas indica\u00e7\u00f5es fizeram o cadastro.&nbsp;<\/p><p>Acompanhe tamb\u00e9m quantos profissionais indicados por voc\u00ea foram contratados atrav\u00e9s do nosso <b>Banco de Talentos<\/b>.<\/p>\n<p>Quanto mais profissionais voc\u00ea indica, maiores as chances de ajudarmos os profissionais a se realocarem no mercado de trabalho, a mudar sua vida profissional ou conseguir sua primeira oportunidade.<\/p><p>Quanto mais contrata\u00e7\u00f5es, mais voc\u00ea recebe pela sua colabora\u00e7\u00e3o.<\/p>\t\t\t\t\t\t\t\t<\/div>\n\t\t\t\t<\/div>\n\t\t\t\t<div class=\"elementor-element elementor-element-e9ed5df elementor-widget elementor-widget-spacer\" data-id=\"e9ed5df\" data-element_type=\"widget\" data-e-type=\"widget\" data-widget_type=\"spacer.default\">\n\t\t\t\t<div class=\"elementor-widget-container\">\n\t\t\t\t\t\t\t<div class=\"elementor-spacer\">\n\t\t\t<div class=\"elementor-spacer-inner\"><\/div>\n\t\t<\/div>\n\t\t\t\t\t\t<\/div>\n\t\t\t\t<\/div>\n\t\t\t\t\t<\/div>\n\t\t<\/div>\n\t\t\t\t<div class=\"elementor-column elementor-col-50 elementor-top-column elementor-element elementor-element-1f8a2ba\" data-id=\"1f8a2ba\" data-element_type=\"column\" data-e-type=\"column\">\n\t\t\t<div class=\"elementor-widget-wrap elementor-element-populated\">\n\t\t\t\t\t\t<div class=\"elementor-element elementor-element-747b455 elementor-widget elementor-widget-image\" data-id=\"747b455\" data-element_type=\"widget\" data-e-type=\"widget\" data-widget_type=\"image.default\">\n\t\t\t\t<div class=\"elementor-widget-container\">\n\t\t\t\t\t\t\t\t\t\t\t\t\t\t\t\t<a href=\"https:\/\/recrutador.curriculi.com.br\/\">\n\t\t\t\t\t\t\t<img fetchpriority=\"high\" decoding=\"async\" width=\"594\" height=\"804\" src=\"https:\/\/curriculi.com.br\/principal\/wp-content\/uploads\/2023\/08\/recrutamento-5.png\" class=\"elementor-animation-grow attachment-large size-large wp-image-329\" alt=\"\" srcset=\"https:\/\/curriculi.com.br\/principal\/wp-content\/uploads\/2023\/08\/recrutamento-5.png 594w, https:\/\/curriculi.com.br\/principal\/wp-content\/uploads\/2023\/08\/recrutamento-5-222x300.png 222w\" sizes=\"(max-width: 594px) 100vw, 594px\" \/>\t\t\t\t\t\t\t\t<\/a>\n\t\t\t\t\t\t\t\t\t\t\t\t\t\t\t<\/div>\n\t\t\t\t<\/div>\n\t\t\t\t\t<\/div>\n\t\t<\/div>\n\t\t\t\t\t<\/div>\n\t\t<\/section>\n\t\t\t\t<\/div>\n\t\t","protected":false},"excerpt":{"rendered":"<p>Torne-se um recrutador parceiro. Indique profissionais e ganhe quando ele for selecionado por alguma empresa a partir do nosso Banco de Talentos. CADASTRE-SE COMO RECRUTADOR E voc\u00ea precisa ter alguma forma\u00e7\u00e3o especial para se cadastrar como recrutador? N\u00e3o. Sua colabora\u00e7\u00e3o \u00e9 apenas indicar profissionais a fazer seu cadastro em nosso Banco de Talentos e aumentar [&hellip;]<\/p>\n","protected":false},"author":2,"featured_media":18,"parent":0,"menu_order":0,"comment_status":"closed","ping_status":"closed","template":"","meta":{"footnotes":""},"class_list":["post-323","page","type-page","status-publish","has-post-thumbnail","hentry","entry","has-media"],"yoast_head":"<!-- This site is optimized with the Yoast SEO plugin v27.3 - https:\/\/yoast.com\/product\/yoast-seo-wordpress\/ -->\n<title>Sou um recrutador - Curriculi<\/title>\n<meta name=\"description\" content=\"Nunca mais fique em d\u00favida de como escrever um curr\u00edculo.Seu curr\u00edculo ter\u00e1 as informa\u00e7\u00f5es que as empresas realmente l\u00eaem.\" \/>\n<meta name=\"robots\" content=\"index, follow, max-snippet:-1, max-image-preview:large, max-video-preview:-1\" \/>\n<link rel=\"canonical\" href=\"https:\/\/curriculi.com.br\/principal\/sou-um-recrutador\/\" \/>\n<meta property=\"og:locale\" content=\"pt_BR\" \/>\n<meta property=\"og:type\" content=\"article\" \/>\n<meta property=\"og:title\" content=\"Sou um recrutador - Curriculi\" \/>\n<meta property=\"og:description\" content=\"Nunca mais fique em d\u00favida de como escrever um curr\u00edculo.Seu curr\u00edculo ter\u00e1 as informa\u00e7\u00f5es que as empresas realmente l\u00eaem.\" \/>\n<meta property=\"og:url\" content=\"https:\/\/curriculi.com.br\/principal\/sou-um-recrutador\/\" \/>\n<meta property=\"og:site_name\" content=\"Curriculi\" \/>\n<meta property=\"article:modified_time\" content=\"2023-08-18T00:17:03+00:00\" \/>\n<meta property=\"og:image\" content=\"https:\/\/curriculi.com.br\/principal\/wp-content\/uploads\/2023\/08\/sou_um_profissional.jpg\" \/>\n\t<meta property=\"og:image:width\" content=\"1024\" \/>\n\t<meta property=\"og:image:height\" content=\"1024\" \/>\n\t<meta property=\"og:image:type\" content=\"image\/jpeg\" \/>\n<meta name=\"twitter:card\" content=\"summary_large_image\" \/>\n<meta name=\"twitter:label1\" content=\"Est. tempo de leitura\" \/>\n\t<meta name=\"twitter:data1\" content=\"2 minutos\" \/>\n<script type=\"application\/ld+json\" class=\"yoast-schema-graph\">{\"@context\":\"https:\\\/\\\/schema.org\",\"@graph\":[{\"@type\":\"WebPage\",\"@id\":\"https:\\\/\\\/curriculi.com.br\\\/principal\\\/sou-um-recrutador\\\/\",\"url\":\"https:\\\/\\\/curriculi.com.br\\\/principal\\\/sou-um-recrutador\\\/\",\"name\":\"Sou um recrutador - Curriculi\",\"isPartOf\":{\"@id\":\"https:\\\/\\\/curriculi.com.br\\\/principal\\\/#website\"},\"primaryImageOfPage\":{\"@id\":\"https:\\\/\\\/curriculi.com.br\\\/principal\\\/sou-um-recrutador\\\/#primaryimage\"},\"image\":{\"@id\":\"https:\\\/\\\/curriculi.com.br\\\/principal\\\/sou-um-recrutador\\\/#primaryimage\"},\"thumbnailUrl\":\"https:\\\/\\\/curriculi.com.br\\\/principal\\\/wp-content\\\/uploads\\\/2023\\\/08\\\/sou_um_profissional.jpg\",\"datePublished\":\"2023-08-17T23:29:15+00:00\",\"dateModified\":\"2023-08-18T00:17:03+00:00\",\"description\":\"Nunca mais fique em d\u00favida de como escrever um curr\u00edculo.Seu curr\u00edculo ter\u00e1 as informa\u00e7\u00f5es que as empresas realmente l\u00eaem.\",\"breadcrumb\":{\"@id\":\"https:\\\/\\\/curriculi.com.br\\\/principal\\\/sou-um-recrutador\\\/#breadcrumb\"},\"inLanguage\":\"pt-BR\",\"potentialAction\":[{\"@type\":\"ReadAction\",\"target\":[\"https:\\\/\\\/curriculi.com.br\\\/principal\\\/sou-um-recrutador\\\/\"]}]},{\"@type\":\"ImageObject\",\"inLanguage\":\"pt-BR\",\"@id\":\"https:\\\/\\\/curriculi.com.br\\\/principal\\\/sou-um-recrutador\\\/#primaryimage\",\"url\":\"https:\\\/\\\/curriculi.com.br\\\/principal\\\/wp-content\\\/uploads\\\/2023\\\/08\\\/sou_um_profissional.jpg\",\"contentUrl\":\"https:\\\/\\\/curriculi.com.br\\\/principal\\\/wp-content\\\/uploads\\\/2023\\\/08\\\/sou_um_profissional.jpg\",\"width\":1024,\"height\":1024,\"caption\":\"Sou um profissional\"},{\"@type\":\"BreadcrumbList\",\"@id\":\"https:\\\/\\\/curriculi.com.br\\\/principal\\\/sou-um-recrutador\\\/#breadcrumb\",\"itemListElement\":[{\"@type\":\"ListItem\",\"position\":1,\"name\":\"In\u00edcio\",\"item\":\"https:\\\/\\\/curriculi.com.br\\\/principal\\\/\"},{\"@type\":\"ListItem\",\"position\":2,\"name\":\"Sou um recrutador\"}]},{\"@type\":\"WebSite\",\"@id\":\"https:\\\/\\\/curriculi.com.br\\\/principal\\\/#website\",\"url\":\"https:\\\/\\\/curriculi.com.br\\\/principal\\\/\",\"name\":\"Curriculi\",\"description\":\"Seu portal ao mercado de trabalho\",\"publisher\":{\"@id\":\"https:\\\/\\\/curriculi.com.br\\\/principal\\\/#organization\"},\"potentialAction\":[{\"@type\":\"SearchAction\",\"target\":{\"@type\":\"EntryPoint\",\"urlTemplate\":\"https:\\\/\\\/curriculi.com.br\\\/principal\\\/?s={search_term_string}\"},\"query-input\":{\"@type\":\"PropertyValueSpecification\",\"valueRequired\":true,\"valueName\":\"search_term_string\"}}],\"inLanguage\":\"pt-BR\"},{\"@type\":\"Organization\",\"@id\":\"https:\\\/\\\/curriculi.com.br\\\/principal\\\/#organization\",\"name\":\"Curriculi\",\"url\":\"https:\\\/\\\/curriculi.com.br\\\/principal\\\/\",\"logo\":{\"@type\":\"ImageObject\",\"inLanguage\":\"pt-BR\",\"@id\":\"https:\\\/\\\/curriculi.com.br\\\/principal\\\/#\\\/schema\\\/logo\\\/image\\\/\",\"url\":\"https:\\\/\\\/curriculi.com.br\\\/principal\\\/wp-content\\\/uploads\\\/2023\\\/08\\\/novo_logo_curriculi_tr65.png\",\"contentUrl\":\"https:\\\/\\\/curriculi.com.br\\\/principal\\\/wp-content\\\/uploads\\\/2023\\\/08\\\/novo_logo_curriculi_tr65.png\",\"width\":216,\"height\":65,\"caption\":\"Curriculi\"},\"image\":{\"@id\":\"https:\\\/\\\/curriculi.com.br\\\/principal\\\/#\\\/schema\\\/logo\\\/image\\\/\"}}]}<\/script>\n<!-- \/ Yoast SEO plugin. -->","yoast_head_json":{"title":"Sou um recrutador - Curriculi","description":"Nunca mais fique em d\u00favida de como escrever um curr\u00edculo.Seu curr\u00edculo ter\u00e1 as informa\u00e7\u00f5es que as empresas realmente l\u00eaem.","robots":{"index":"index","follow":"follow","max-snippet":"max-snippet:-1","max-image-preview":"max-image-preview:large","max-video-preview":"max-video-preview:-1"},"canonical":"https:\/\/curriculi.com.br\/principal\/sou-um-recrutador\/","og_locale":"pt_BR","og_type":"article","og_title":"Sou um recrutador - Curriculi","og_description":"Nunca mais fique em d\u00favida de como escrever um curr\u00edculo.Seu curr\u00edculo ter\u00e1 as informa\u00e7\u00f5es que as empresas realmente l\u00eaem.","og_url":"https:\/\/curriculi.com.br\/principal\/sou-um-recrutador\/","og_site_name":"Curriculi","article_modified_time":"2023-08-18T00:17:03+00:00","og_image":[{"width":1024,"height":1024,"url":"https:\/\/curriculi.com.br\/principal\/wp-content\/uploads\/2023\/08\/sou_um_profissional.jpg","type":"image\/jpeg"}],"twitter_card":"summary_large_image","twitter_misc":{"Est. tempo de leitura":"2 minutos"},"schema":{"@context":"https:\/\/schema.org","@graph":[{"@type":"WebPage","@id":"https:\/\/curriculi.com.br\/principal\/sou-um-recrutador\/","url":"https:\/\/curriculi.com.br\/principal\/sou-um-recrutador\/","name":"Sou um recrutador - Curriculi","isPartOf":{"@id":"https:\/\/curriculi.com.br\/principal\/#website"},"primaryImageOfPage":{"@id":"https:\/\/curriculi.com.br\/principal\/sou-um-recrutador\/#primaryimage"},"image":{"@id":"https:\/\/curriculi.com.br\/principal\/sou-um-recrutador\/#primaryimage"},"thumbnailUrl":"https:\/\/curriculi.com.br\/principal\/wp-content\/uploads\/2023\/08\/sou_um_profissional.jpg","datePublished":"2023-08-17T23:29:15+00:00","dateModified":"2023-08-18T00:17:03+00:00","description":"Nunca mais fique em d\u00favida de como escrever um curr\u00edculo.Seu curr\u00edculo ter\u00e1 as informa\u00e7\u00f5es que as empresas realmente l\u00eaem.","breadcrumb":{"@id":"https:\/\/curriculi.com.br\/principal\/sou-um-recrutador\/#breadcrumb"},"inLanguage":"pt-BR","potentialAction":[{"@type":"ReadAction","target":["https:\/\/curriculi.com.br\/principal\/sou-um-recrutador\/"]}]},{"@type":"ImageObject","inLanguage":"pt-BR","@id":"https:\/\/curriculi.com.br\/principal\/sou-um-recrutador\/#primaryimage","url":"https:\/\/curriculi.com.br\/principal\/wp-content\/uploads\/2023\/08\/sou_um_profissional.jpg","contentUrl":"https:\/\/curriculi.com.br\/principal\/wp-content\/uploads\/2023\/08\/sou_um_profissional.jpg","width":1024,"height":1024,"caption":"Sou um profissional"},{"@type":"BreadcrumbList","@id":"https:\/\/curriculi.com.br\/principal\/sou-um-recrutador\/#breadcrumb","itemListElement":[{"@type":"ListItem","position":1,"name":"In\u00edcio","item":"https:\/\/curriculi.com.br\/principal\/"},{"@type":"ListItem","position":2,"name":"Sou um recrutador"}]},{"@type":"WebSite","@id":"https:\/\/curriculi.com.br\/principal\/#website","url":"https:\/\/curriculi.com.br\/principal\/","name":"Curriculi","description":"Seu portal ao mercado de trabalho","publisher":{"@id":"https:\/\/curriculi.com.br\/principal\/#organization"},"potentialAction":[{"@type":"SearchAction","target":{"@type":"EntryPoint","urlTemplate":"https:\/\/curriculi.com.br\/principal\/?s={search_term_string}"},"query-input":{"@type":"PropertyValueSpecification","valueRequired":true,"valueName":"search_term_string"}}],"inLanguage":"pt-BR"},{"@type":"Organization","@id":"https:\/\/curriculi.com.br\/principal\/#organization","name":"Curriculi","url":"https:\/\/curriculi.com.br\/principal\/","logo":{"@type":"ImageObject","inLanguage":"pt-BR","@id":"https:\/\/curriculi.com.br\/principal\/#\/schema\/logo\/image\/","url":"https:\/\/curriculi.com.br\/principal\/wp-content\/uploads\/2023\/08\/novo_logo_curriculi_tr65.png","contentUrl":"https:\/\/curriculi.com.br\/principal\/wp-content\/uploads\/2023\/08\/novo_logo_curriculi_tr65.png","width":216,"height":65,"caption":"Curriculi"},"image":{"@id":"https:\/\/curriculi.com.br\/principal\/#\/schema\/logo\/image\/"}}]}},"_links":{"self":[{"href":"https:\/\/curriculi.com.br\/principal\/wp-json\/wp\/v2\/pages\/323","targetHints":{"allow":["GET"]}}],"collection":[{"href":"https:\/\/curriculi.com.br\/principal\/wp-json\/wp\/v2\/pages"}],"about":[{"href":"https:\/\/curriculi.com.br\/principal\/wp-json\/wp\/v2\/types\/page"}],"author":[{"embeddable":true,"href":"https:\/\/curriculi.com.br\/principal\/wp-json\/wp\/v2\/users\/2"}],"replies":[{"embeddable":true,"href":"https:\/\/curriculi.com.br\/principal\/wp-json\/wp\/v2\/comments?post=323"}],"version-history":[{"count":43,"href":"https:\/\/curriculi.com.br\/principal\/wp-json\/wp\/v2\/pages\/323\/revisions"}],"predecessor-version":[{"id":398,"href":"https:\/\/curriculi.com.br\/principal\/wp-json\/wp\/v2\/pages\/323\/revisions\/398"}],"wp:featuredmedia":[{"embeddable":true,"href":"https:\/\/curriculi.com.br\/principal\/wp-json\/wp\/v2\/media\/18"}],"wp:attachment":[{"href":"https:\/\/curriculi.com.br\/principal\/wp-json\/wp\/v2\/media?parent=323"}],"curies":[{"name":"wp","href":"https:\/\/api.w.org\/{rel}","templated":true}]}}